{"id":501,"date":"2025-12-23T20:59:18","date_gmt":"2025-12-23T20:59:18","guid":{"rendered":"https:\/\/gimnasiocampestrerodadero.edu.co\/?page_id=501"},"modified":"2026-01-15T02:19:15","modified_gmt":"2026-01-15T02:19:15","slug":"politica-de-privacidad","status":"publish","type":"page","link":"https:\/\/gimnasiocampestrerodadero.edu.co\/en\/politica-de-privacidad\/","title":{"rendered":"Privacy Policy"},"content":{"rendered":"<div data-elementor-type=\"wp-page\" data-elementor-id=\"501\" class=\"elementor elementor-501\" data-elementor-post-type=\"page\">\n\t\t\t\t<div class=\"elementor-element elementor-element-b4ab77a e-flex e-con-boxed e-con e-parent\" data-id=\"b4ab77a\" data-element_type=\"container\" data-e-type=\"container\">\n\t\t\t\t\t<div class=\"e-con-inner\">\n\t\t\t\t<div class=\"elementor-element elementor-element-a892dbd elementor-widget elementor-widget-heading\" data-id=\"a892dbd\" data-element_type=\"widget\" data-e-type=\"widget\" data-widget_type=\"heading.default\">\n\t\t\t\t\t<h2 class=\"elementor-heading-title elementor-size-default\">Privacy Policy<\/h2>\t\t\t\t<\/div>\n\t\t\t\t\t<\/div>\n\t\t\t\t<\/div>\n\t\t<div class=\"elementor-element elementor-element-eab1588 e-flex e-con-boxed e-con e-parent\" data-id=\"eab1588\" data-element_type=\"container\" data-e-type=\"container\">\n\t\t\t\t\t<div class=\"e-con-inner\">\n\t\t\t\t<div class=\"elementor-element elementor-element-5f0ef13 elementor-widget elementor-widget-heading\" data-id=\"5f0ef13\" data-element_type=\"widget\" data-e-type=\"widget\" data-widget_type=\"heading.default\">\n\t\t\t\t\t<h3 class=\"elementor-heading-title elementor-size-default\">Gimnasio Campestre del Rodadero<\/h3>\t\t\t\t<\/div>\n\t\t\t\t<div class=\"elementor-element elementor-element-6ff18d7 elementor-widget elementor-widget-text-editor\" data-id=\"6ff18d7\" data-element_type=\"widget\" data-e-type=\"widget\" data-widget_type=\"text-editor.default\">\n\t\t\t\t\t\t\t\t\t<p data-start=\"333\" data-end=\"680\">He <strong data-start=\"336\" data-end=\"371\">Gimnasio Campestre del Rodadero<\/strong>, en cumplimiento de su compromiso con la protecci\u00f3n de la informaci\u00f3n personal y en concordancia con la normativa vigente en materia de protecci\u00f3n de datos, informa a los usuarios del sitio web sobre la forma en que se recopila, utiliza y protege la informaci\u00f3n personal suministrada a trav\u00e9s de este portal.<\/p><p data-start=\"682\" data-end=\"805\">El acceso y uso de este sitio web implica la aceptaci\u00f3n de los t\u00e9rminos establecidos en la presente Pol\u00edtica de Privacidad.<\/p>\t\t\t\t\t\t\t\t<\/div>\n\t\t\t\t<div class=\"elementor-element elementor-element-1be729c elementor-widget elementor-widget-heading\" data-id=\"1be729c\" data-element_type=\"widget\" data-e-type=\"widget\" data-widget_type=\"heading.default\">\n\t\t\t\t\t<h3 class=\"elementor-heading-title elementor-size-default\">1. Naturaleza del sitio web<\/h3>\t\t\t\t<\/div>\n\t\t\t\t<div class=\"elementor-element elementor-element-217c178 elementor-widget elementor-widget-text-editor\" data-id=\"217c178\" data-element_type=\"widget\" data-e-type=\"widget\" data-widget_type=\"text-editor.default\">\n\t\t\t\t\t\t\t\t\t<p data-start=\"843\" data-end=\"1078\">El sitio web del Gimnasio Campestre del Rodadero es de car\u00e1cter <strong data-start=\"907\" data-end=\"936\">estrictamente informativo<\/strong>, cuyo objetivo principal es brindar informaci\u00f3n institucional, acad\u00e9mica y de contacto a padres de familia, estudiantes y p\u00fablico en general.<\/p><p data-start=\"843\" data-end=\"1078\">Este sitio no ofrece servicios de comercio electr\u00f3nico, no gestiona pagos en l\u00ednea ni permite la creaci\u00f3n de cuentas de usuario.<\/p>\t\t\t\t\t\t\t\t<\/div>\n\t\t\t\t<div class=\"elementor-element elementor-element-a517b7b elementor-widget elementor-widget-heading\" data-id=\"a517b7b\" data-element_type=\"widget\" data-e-type=\"widget\" data-widget_type=\"heading.default\">\n\t\t\t\t\t<h3 class=\"elementor-heading-title elementor-size-default\">2. Informaci\u00f3n personal recopilada<\/h3>\t\t\t\t<\/div>\n\t\t\t\t<div class=\"elementor-element elementor-element-24dbffd elementor-widget elementor-widget-text-editor\" data-id=\"24dbffd\" data-element_type=\"widget\" data-e-type=\"widget\" data-widget_type=\"text-editor.default\">\n\t\t\t\t\t\t\t\t\t<p data-start=\"1253\" data-end=\"1441\">La informaci\u00f3n personal recopilada a trav\u00e9s de este sitio web es m\u00ednima y se obtiene \u00fanicamente cuando el usuario la suministra de manera voluntaria mediante el <strong data-start=\"1414\" data-end=\"1440\">formulario de contacto<\/strong>.<\/p><p data-start=\"1443\" data-end=\"1489\">Los datos que pueden ser solicitados incluyen:<\/p><ul data-start=\"1490\" data-end=\"1553\"><li data-start=\"1490\" data-end=\"1498\"><p data-start=\"1492\" data-end=\"1498\">Name<\/p><\/li><li data-start=\"1499\" data-end=\"1532\"><p data-start=\"1501\" data-end=\"1532\">Direcci\u00f3n de correo electr\u00f3nico<\/p><\/li><li data-start=\"1533\" data-end=\"1553\"><p data-start=\"1535\" data-end=\"1553\">Mensaje o consulta<\/p><\/li><\/ul><p data-start=\"1555\" data-end=\"1639\">No se solicita informaci\u00f3n sensible, financiera, m\u00e9dica ni de car\u00e1cter confidencial.<\/p>\t\t\t\t\t\t\t\t<\/div>\n\t\t\t\t<div class=\"elementor-element elementor-element-ec9e443 elementor-widget elementor-widget-heading\" data-id=\"ec9e443\" data-element_type=\"widget\" data-e-type=\"widget\" data-widget_type=\"heading.default\">\n\t\t\t\t\t<h3 class=\"elementor-heading-title elementor-size-default\">3. Finalidad del tratamiento de la informaci\u00f3n<\/h3>\t\t\t\t<\/div>\n\t\t\t\t<div class=\"elementor-element elementor-element-4283dce elementor-widget elementor-widget-text-editor\" data-id=\"4283dce\" data-element_type=\"widget\" data-e-type=\"widget\" data-widget_type=\"text-editor.default\">\n\t\t\t\t\t\t\t\t\t<p data-start=\"1696\" data-end=\"1791\">La informaci\u00f3n personal recopilada es utilizada exclusivamente para las siguientes finalidades:<\/p><ul data-start=\"1793\" data-end=\"2071\"><li data-start=\"1793\" data-end=\"1858\"><p data-start=\"1795\" data-end=\"1858\">Atender solicitudes de informaci\u00f3n realizadas por los usuarios.<\/p><\/li><li data-start=\"1859\" data-end=\"1925\"><p data-start=\"1861\" data-end=\"1925\">Responder mensajes enviados a trav\u00e9s del formulario de contacto.<\/p><\/li><li data-start=\"1926\" data-end=\"1997\"><p data-start=\"1928\" data-end=\"1997\">Brindar orientaci\u00f3n sobre los servicios educativos de la instituci\u00f3n.<\/p><\/li><li data-start=\"1998\" data-end=\"2071\"><p data-start=\"2000\" data-end=\"2071\">Mantener comunicaci\u00f3n institucional cuando sea estrictamente necesario.<\/p><\/li><\/ul><p data-start=\"2073\" data-end=\"2169\">En ning\u00fan caso la informaci\u00f3n ser\u00e1 utilizada con fines comerciales, publicitarios o de mercadeo.<\/p>\t\t\t\t\t\t\t\t<\/div>\n\t\t\t\t<div class=\"elementor-element elementor-element-bd1dcc8 elementor-widget elementor-widget-heading\" data-id=\"bd1dcc8\" data-element_type=\"widget\" data-e-type=\"widget\" data-widget_type=\"heading.default\">\n\t\t\t\t\t<h3 class=\"elementor-heading-title elementor-size-default\">4. Confidencialidad y protecci\u00f3n de los datos<\/h3>\t\t\t\t<\/div>\n\t\t\t\t<div class=\"elementor-element elementor-element-0c452e6 elementor-widget elementor-widget-text-editor\" data-id=\"0c452e6\" data-element_type=\"widget\" data-e-type=\"widget\" data-widget_type=\"text-editor.default\">\n\t\t\t\t\t\t\t\t\t<p data-start=\"2225\" data-end=\"2512\">El Gimnasio Campestre del Rodadero se compromete a tratar la informaci\u00f3n personal de los usuarios con estricta confidencialidad y a implementar medidas t\u00e9cnicas, administrativas y organizativas razonables para protegerla contra accesos no autorizados, p\u00e9rdida, alteraci\u00f3n o uso indebido.<\/p><p data-start=\"2514\" data-end=\"2616\">El acceso a la informaci\u00f3n personal est\u00e1 limitado \u00fanicamente al personal autorizado de la instituci\u00f3n.<\/p>\t\t\t\t\t\t\t\t<\/div>\n\t\t\t\t<div class=\"elementor-element elementor-element-94f8d23 elementor-widget elementor-widget-heading\" data-id=\"94f8d23\" data-element_type=\"widget\" data-e-type=\"widget\" data-widget_type=\"heading.default\">\n\t\t\t\t\t<h3 class=\"elementor-heading-title elementor-size-default\">5. Conservaci\u00f3n de la informaci\u00f3n<\/h3>\t\t\t\t<\/div>\n\t\t\t\t<div class=\"elementor-element elementor-element-7693797 elementor-widget elementor-widget-text-editor\" data-id=\"7693797\" data-element_type=\"widget\" data-e-type=\"widget\" data-widget_type=\"text-editor.default\">\n\t\t\t\t\t\t\t\t\t<p data-start=\"2660\" data-end=\"2892\">La informaci\u00f3n personal ser\u00e1 conservada \u00fanicamente durante el tiempo necesario para cumplir con la finalidad para la cual fue recopilada o mientras exista una comunicaci\u00f3n activa relacionada con la consulta realizada por el usuario.<\/p><p data-start=\"2894\" data-end=\"2980\">Una vez cumplida dicha finalidad, la informaci\u00f3n podr\u00e1 ser eliminada de manera segura.<\/p>\t\t\t\t\t\t\t\t<\/div>\n\t\t\t\t<div class=\"elementor-element elementor-element-d330ed0 elementor-widget elementor-widget-heading\" data-id=\"d330ed0\" data-element_type=\"widget\" data-e-type=\"widget\" data-widget_type=\"heading.default\">\n\t\t\t\t\t<h3 class=\"elementor-heading-title elementor-size-default\">6. Compartir informaci\u00f3n con terceros<\/h3>\t\t\t\t<\/div>\n\t\t\t\t<div class=\"elementor-element elementor-element-5e54c71 elementor-widget elementor-widget-text-editor\" data-id=\"5e54c71\" data-element_type=\"widget\" data-e-type=\"widget\" data-widget_type=\"text-editor.default\">\n\t\t\t\t\t\t\t\t\t<p>El Gimnasio Campestre del Rodadero no vende, cede ni comparte la informaci\u00f3n personal de los usuarios con terceros, salvo en los casos en que exista una obligaci\u00f3n legal o un requerimiento por parte de una autoridad competente.<\/p>\t\t\t\t\t\t\t\t<\/div>\n\t\t\t\t<div class=\"elementor-element elementor-element-c700db9 elementor-widget elementor-widget-heading\" data-id=\"c700db9\" data-element_type=\"widget\" data-e-type=\"widget\" data-widget_type=\"heading.default\">\n\t\t\t\t\t<h3 class=\"elementor-heading-title elementor-size-default\">7. Enlaces a sitios web externos<\/h3>\t\t\t\t<\/div>\n\t\t\t\t<div class=\"elementor-element elementor-element-b50a82b elementor-widget elementor-widget-text-editor\" data-id=\"b50a82b\" data-element_type=\"widget\" data-e-type=\"widget\" data-widget_type=\"text-editor.default\">\n\t\t\t\t\t\t\t\t\t<p>Este sitio web puede contener enlaces a p\u00e1ginas externas con fines informativos. El Gimnasio Campestre del Rodadero no se hace responsable por las pol\u00edticas de privacidad, pr\u00e1cticas o contenidos de dichos sitios externos. Se recomienda a los usuarios revisar las pol\u00edticas de privacidad de cada sitio que visiten.<\/p>\t\t\t\t\t\t\t\t<\/div>\n\t\t\t\t<div class=\"elementor-element elementor-element-24aa3e0 elementor-widget elementor-widget-heading\" data-id=\"24aa3e0\" data-element_type=\"widget\" data-e-type=\"widget\" data-widget_type=\"heading.default\">\n\t\t\t\t\t<h3 class=\"elementor-heading-title elementor-size-default\">8. Derechos de los titulares de la informaci\u00f3n<\/h3>\t\t\t\t<\/div>\n\t\t\t\t<div class=\"elementor-element elementor-element-ed6457c elementor-widget elementor-widget-text-editor\" data-id=\"ed6457c\" data-element_type=\"widget\" data-e-type=\"widget\" data-widget_type=\"text-editor.default\">\n\t\t\t\t\t\t\t\t\t<p data-start=\"3668\" data-end=\"3698\">Los usuarios tienen derecho a:<\/p><ul data-start=\"3700\" data-end=\"3898\"><li data-start=\"3700\" data-end=\"3757\"><p data-start=\"3702\" data-end=\"3757\">Conocer, actualizar o corregir su informaci\u00f3n personal.<\/p><\/li><li data-start=\"3758\" data-end=\"3829\"><p data-start=\"3760\" data-end=\"3829\">Solicitar la eliminaci\u00f3n de sus datos cuando lo consideren necesario.<\/p><\/li><li data-start=\"3830\" data-end=\"3898\"><p data-start=\"3832\" data-end=\"3898\">Revocar la autorizaci\u00f3n otorgada para el tratamiento de sus datos.<\/p><\/li><\/ul><p data-start=\"3900\" data-end=\"4080\">Para ejercer estos derechos, el usuario puede comunicarse a trav\u00e9s del correo electr\u00f3nico institucional del colegio o mediante el formulario de contacto disponible en el sitio web.<\/p>\t\t\t\t\t\t\t\t<\/div>\n\t\t\t\t<div class=\"elementor-element elementor-element-a38c7e9 elementor-widget elementor-widget-heading\" data-id=\"a38c7e9\" data-element_type=\"widget\" data-e-type=\"widget\" data-widget_type=\"heading.default\">\n\t\t\t\t\t<h3 class=\"elementor-heading-title elementor-size-default\">9. Uso de cookies<\/h3>\t\t\t\t<\/div>\n\t\t\t\t<div class=\"elementor-element elementor-element-7b662e7 elementor-widget elementor-widget-text-editor\" data-id=\"7b662e7\" data-element_type=\"widget\" data-e-type=\"widget\" data-widget_type=\"text-editor.default\">\n\t\t\t\t\t\t\t\t\t<p>Este sitio web puede utilizar cookies t\u00e9cnicas necesarias para el correcto funcionamiento del portal. Dichas cookies no recopilan informaci\u00f3n personal ni permiten identificar al usuario de manera individual.<\/p>\t\t\t\t\t\t\t\t<\/div>\n\t\t\t\t<div class=\"elementor-element elementor-element-9084534 elementor-widget elementor-widget-heading\" data-id=\"9084534\" data-element_type=\"widget\" data-e-type=\"widget\" data-widget_type=\"heading.default\">\n\t\t\t\t\t<h3 class=\"elementor-heading-title elementor-size-default\">10. Modificaciones a la Pol\u00edtica de Privacidad<\/h3>\t\t\t\t<\/div>\n\t\t\t\t<div class=\"elementor-element elementor-element-73d3471 elementor-widget elementor-widget-text-editor\" data-id=\"73d3471\" data-element_type=\"widget\" data-e-type=\"widget\" data-widget_type=\"text-editor.default\">\n\t\t\t\t\t\t\t\t\t<p data-start=\"4372\" data-end=\"4587\">El Gimnasio Campestre del Rodadero se reserva el derecho de modificar o actualizar esta Pol\u00edtica de Privacidad en cualquier momento. Cualquier cambio ser\u00e1 publicado oportunamente en esta misma secci\u00f3n del sitio web.<\/p><p data-start=\"4589\" data-end=\"4713\">Se recomienda a los usuarios revisar peri\u00f3dicamente esta pol\u00edtica para mantenerse informados sobre posibles actualizaciones.<\/p>\t\t\t\t\t\t\t\t<\/div>\n\t\t\t\t<div class=\"elementor-element elementor-element-a9b7b2a elementor-widget elementor-widget-heading\" data-id=\"a9b7b2a\" data-element_type=\"widget\" data-e-type=\"widget\" data-widget_type=\"heading.default\">\n\t\t\t\t\t<h3 class=\"elementor-heading-title elementor-size-default\">11. Informaci\u00f3n de contacto<\/h3>\t\t\t\t<\/div>\n\t\t\t\t<div class=\"elementor-element elementor-element-7a5ddb6 elementor-widget elementor-widget-text-editor\" data-id=\"7a5ddb6\" data-element_type=\"widget\" data-e-type=\"widget\" data-widget_type=\"text-editor.default\">\n\t\t\t\t\t\t\t\t\t<p data-start=\"4751\" data-end=\"4957\">Para cualquier duda, consulta o solicitud relacionada con esta Pol\u00edtica de Privacidad o con el tratamiento de datos personales, los usuarios pueden comunicarse a trav\u00e9s de los canales oficiales del colegio.<\/p><p data-start=\"4959\" data-end=\"5018\"><strong data-start=\"4959\" data-end=\"4994\">Gimnasio Campestre del Rodadero<\/strong><br data-start=\"4994\" data-end=\"4997\" \/>Santa Marta, Colombia.<\/p>\t\t\t\t\t\t\t\t<\/div>\n\t\t\t\t\t<\/div>\n\t\t\t\t<\/div>\n\t\t\t\t<\/div>","protected":false},"excerpt":{"rendered":"<p>Pol\u00edtica de Privacidad Gimnasio Campestre del Rodadero El Gimnasio Campestre del Rodadero, en cumplimiento de su compromiso con la protecci\u00f3n [&hellip;]<\/p>\n","protected":false},"author":1,"featured_media":0,"parent":0,"menu_order":0,"comment_status":"closed","ping_status":"closed","template":"","meta":{"site-sidebar-layout":"no-sidebar","site-content-layout":"","ast-site-content-layout":"full-width-container","site-content-style":"default","site-sidebar-style":"default","ast-global-header-display":"","ast-banner-title-visibility":"","ast-main-header-display":"","ast-hfb-above-header-display":"","ast-hfb-below-header-display":"","ast-hfb-mobile-header-display":"","site-post-title":"disabled","ast-breadcrumbs-content":"","ast-featured-img":"disabled","footer-sml-layout":"","ast-disable-related-posts":"","theme-transparent-header-meta":"","adv-header-id-meta":"","stick-header-meta":"","header-above-stick-meta":"","header-main-stick-meta":"","header-below-stick-meta":"","astra-migrate-meta-layouts":"default","ast-page-background-enabled":"default","ast-page-background-meta":{"desktop":{"background-color":"var(--ast-global-color-5)","background-image":"","background-repeat":"repeat","background-position":"center center","background-size":"auto","background-attachment":"scroll","background-type":"","background-media":"","overlay-type":"","overlay-color":"","overlay-opacity":"","overlay-gradient":""},"tablet":{"background-color":"","background-image":"","background-repeat":"repeat","background-position":"center center","background-size":"auto","background-attachment":"scroll","background-type":"","background-media":"","overlay-type":"","overlay-color":"","overlay-opacity":"","overlay-gradient":""},"mobile":{"background-color":"","background-image":"","background-repeat":"repeat","background-position":"center center","background-size":"auto","background-attachment":"scroll","background-type":"","background-media":"","overlay-type":"","overlay-color":"","overlay-opacity":"","overlay-gradient":""}},"ast-content-background-meta":{"desktop":{"background-color":"var(--ast-global-color-4)","background-image":"","background-repeat":"repeat","background-position":"center center","background-size":"auto","background-attachment":"scroll","background-type":"","background-media":"","overlay-type":"","overlay-color":"","overlay-opacity":"","overlay-gradient":""},"tablet":{"background-color":"var(--ast-global-color-4)","background-image":"","background-repeat":"repeat","background-position":"center center","background-size":"auto","background-attachment":"scroll","background-type":"","background-media":"","overlay-type":"","overlay-color":"","overlay-opacity":"","overlay-gradient":""},"mobile":{"background-color":"var(--ast-global-color-4)","background-image":"","background-repeat":"repeat","background-position":"center center","background-size":"auto","background-attachment":"scroll","background-type":"","background-media":"","overlay-type":"","overlay-color":"","overlay-opacity":"","overlay-gradient":""}},"_joinchat":[],"footnotes":""},"class_list":["post-501","page","type-page","status-publish","hentry"],"_hostinger_reach_plugin_has_subscription_block":false,"_hostinger_reach_plugin_is_elementor":false,"_links":{"self":[{"href":"https:\/\/gimnasiocampestrerodadero.edu.co\/en\/wp-json\/wp\/v2\/pages\/501","targetHints":{"allow":["GET"]}}],"collection":[{"href":"https:\/\/gimnasiocampestrerodadero.edu.co\/en\/wp-json\/wp\/v2\/pages"}],"about":[{"href":"https:\/\/gimnasiocampestrerodadero.edu.co\/en\/wp-json\/wp\/v2\/types\/page"}],"author":[{"embeddable":true,"href":"https:\/\/gimnasiocampestrerodadero.edu.co\/en\/wp-json\/wp\/v2\/users\/1"}],"replies":[{"embeddable":true,"href":"https:\/\/gimnasiocampestrerodadero.edu.co\/en\/wp-json\/wp\/v2\/comments?post=501"}],"version-history":[{"count":16,"href":"https:\/\/gimnasiocampestrerodadero.edu.co\/en\/wp-json\/wp\/v2\/pages\/501\/revisions"}],"predecessor-version":[{"id":1241,"href":"https:\/\/gimnasiocampestrerodadero.edu.co\/en\/wp-json\/wp\/v2\/pages\/501\/revisions\/1241"}],"wp:attachment":[{"href":"https:\/\/gimnasiocampestrerodadero.edu.co\/en\/wp-json\/wp\/v2\/media?parent=501"}],"curies":[{"name":"wp","href":"https:\/\/api.w.org\/{rel}","templated":true}]}}